{"id":11339,"date":"2017-07-27T00:48:10","date_gmt":"2017-07-26T22:48:10","guid":{"rendered":"https:\/\/www.in-diem.com\/family-lawyers"},"modified":"2017-07-27T00:48:10","modified_gmt":"2017-07-26T22:48:10","slug":"family-lawyers","status":"publish","type":"page","link":"https:\/\/www.in-diem.com\/en\/family-lawyers","title":{"rendered":"Family Lawyers"},"content":{"rendered":"<p>&nbsp;<\/p>\n<p>&nbsp;<\/p>\n","protected":false},"excerpt":{"rendered":"<p>&nbsp; &nbsp;<\/p>\n","protected":false},"author":3,"featured_media":11340,"parent":0,"menu_order":0,"comment_status":"closed","ping_status":"closed","template":"","meta":{"_joinchat":[],"footnotes":""},"class_list":["post-11339","page","type-page","status-publish","has-post-thumbnail","hentry","page_category-family"],"yoast_head":"<!-- This site is optimized with the Yoast SEO plugin v27.5 - https:\/\/yoast.com\/product\/yoast-seo-wordpress\/ -->\n<title>Family Lawyers | IN DIEM Lawyers<\/title>\n<meta name=\"description\" content=\"Family Lawyer, specialists in divorces, custody, agreements, child support, and much more. Lawyers in Madrid, Seville, M\u00e1laga, Marbella\u2026 Present throughout Spain. 24 hours. Emergencies.\" \/>\n<meta name=\"robots\" content=\"index, follow, max-snippet:-1, max-image-preview:large, max-video-preview:-1\" \/>\n<link rel=\"canonical\" href=\"https:\/\/www.in-diem.com\/en\/family-lawyers\" \/>\n<meta property=\"og:locale\" content=\"en_US\" \/>\n<meta property=\"og:type\" content=\"article\" \/>\n<meta property=\"og:title\" content=\"Family Lawyers | IN DIEM Lawyers\" \/>\n<meta property=\"og:description\" content=\"Family Lawyer, specialists in divorces, custody, agreements, child support, and much more. Lawyers in Madrid, Seville, M\u00e1laga, Marbella\u2026 Present throughout Spain. 24 hours. Emergencies.\" \/>\n<meta property=\"og:url\" content=\"https:\/\/www.in-diem.com\/en\/family-lawyers\" \/>\n<meta property=\"og:site_name\" content=\"In-Diem Abogados\" \/>\n<meta property=\"article:publisher\" content=\"https:\/\/es-es.facebook.com\/indiemabogados\/\" \/>\n<meta property=\"og:image\" content=\"https:\/\/www.in-diem.com\/wp-content\/uploads\/2017\/07\/family-557100_1280-1024x614.jpg\" \/>\n\t<meta property=\"og:image:width\" content=\"1920\" \/>\n\t<meta property=\"og:image:height\" content=\"1280\" \/>\n\t<meta property=\"og:image:type\" content=\"image\/jpeg\" \/>\n<meta name=\"twitter:card\" content=\"summary_large_image\" \/>\n<meta name=\"twitter:site\" content=\"@indiemabogados\" \/>\n<script type=\"application\/ld+json\" class=\"yoast-schema-graph\">{\"@context\":\"https:\\\/\\\/schema.org\",\"@graph\":[{\"@type\":\"WebPage\",\"@id\":\"https:\\\/\\\/www.in-diem.com\\\/en\\\/family-lawyers\",\"url\":\"https:\\\/\\\/www.in-diem.com\\\/en\\\/family-lawyers\",\"name\":\"Family Lawyers | IN DIEM Lawyers\",\"isPartOf\":{\"@id\":\"https:\\\/\\\/www.in-diem.com\\\/en#website\"},\"primaryImageOfPage\":{\"@id\":\"https:\\\/\\\/www.in-diem.com\\\/en\\\/family-lawyers#primaryimage\"},\"image\":{\"@id\":\"https:\\\/\\\/www.in-diem.com\\\/en\\\/family-lawyers#primaryimage\"},\"thumbnailUrl\":\"https:\\\/\\\/www.in-diem.com\\\/wp-content\\\/uploads\\\/2017\\\/07\\\/family-557100_1280-1024x614.jpg\",\"datePublished\":\"2017-07-26T22:48:10+00:00\",\"description\":\"Family Lawyer, specialists in divorces, custody, agreements, child support, and much more. Lawyers in Madrid, Seville, M\u00e1laga, Marbella\u2026 Present throughout Spain. 24 hours. Emergencies.\",\"breadcrumb\":{\"@id\":\"https:\\\/\\\/www.in-diem.com\\\/en\\\/family-lawyers#breadcrumb\"},\"inLanguage\":\"en-US\",\"potentialAction\":[{\"@type\":\"ReadAction\",\"target\":[\"https:\\\/\\\/www.in-diem.com\\\/en\\\/family-lawyers\"]}]},{\"@type\":\"ImageObject\",\"inLanguage\":\"en-US\",\"@id\":\"https:\\\/\\\/www.in-diem.com\\\/en\\\/family-lawyers#primaryimage\",\"url\":\"https:\\\/\\\/www.in-diem.com\\\/wp-content\\\/uploads\\\/2017\\\/07\\\/family-557100_1280-1024x614.jpg\",\"contentUrl\":\"https:\\\/\\\/www.in-diem.com\\\/wp-content\\\/uploads\\\/2017\\\/07\\\/family-557100_1280-1024x614.jpg\",\"width\":1920,\"height\":1280,\"caption\":\"In Diem Family Lawyers. Modification of Child Support. Divorce. Custody. Child Support Claim. Non-Payment of Pensions. Lawyers specializing in Family and Civil Law. IN DIEM. Seville, M\u00e1laga, Madrid, Las Palmas de Gran Canaria, Almer\u00eda, Huelva, Tomares, Estepona, Mairena del Aljarafe, Mairena del Alcor, Dos Hermanas, Coria del R\u00edo. Marbella. Phone.\"},{\"@type\":\"BreadcrumbList\",\"@id\":\"https:\\\/\\\/www.in-diem.com\\\/en\\\/family-lawyers#breadcrumb\",\"itemListElement\":[{\"@type\":\"ListItem\",\"position\":1,\"name\":\"Portada\",\"item\":\"https:\\\/\\\/www.in-diem.com\\\/en\"},{\"@type\":\"ListItem\",\"position\":2,\"name\":\"Family Lawyers\"}]},{\"@type\":\"WebSite\",\"@id\":\"https:\\\/\\\/www.in-diem.com\\\/en#website\",\"url\":\"https:\\\/\\\/www.in-diem.com\\\/en\",\"name\":\"In-Diem Abogados\",\"description\":\"Experiencia +\",\"publisher\":{\"@id\":\"https:\\\/\\\/www.in-diem.com\\\/en#organization\"},\"potentialAction\":[{\"@type\":\"SearchAction\",\"target\":{\"@type\":\"EntryPoint\",\"urlTemplate\":\"https:\\\/\\\/www.in-diem.com\\\/en?s={search_term_string}\"},\"query-input\":{\"@type\":\"PropertyValueSpecification\",\"valueRequired\":true,\"valueName\":\"search_term_string\"}}],\"inLanguage\":\"en-US\"},{\"@type\":\"Organization\",\"@id\":\"https:\\\/\\\/www.in-diem.com\\\/en#organization\",\"name\":\"In Diem Abogados\",\"url\":\"https:\\\/\\\/www.in-diem.com\\\/en\",\"logo\":{\"@type\":\"ImageObject\",\"inLanguage\":\"en-US\",\"@id\":\"https:\\\/\\\/www.in-diem.com\\\/en#\\\/schema\\\/logo\\\/image\\\/\",\"url\":\"https:\\\/\\\/www.in-diem.com\\\/wp-content\\\/uploads\\\/2014\\\/03\\\/copy-logo-in-diem-header.jpg\",\"contentUrl\":\"https:\\\/\\\/www.in-diem.com\\\/wp-content\\\/uploads\\\/2014\\\/03\\\/copy-logo-in-diem-header.jpg\",\"width\":154,\"height\":50,\"caption\":\"In Diem Abogados\"},\"image\":{\"@id\":\"https:\\\/\\\/www.in-diem.com\\\/en#\\\/schema\\\/logo\\\/image\\\/\"},\"sameAs\":[\"https:\\\/\\\/es-es.facebook.com\\\/indiemabogados\\\/\",\"https:\\\/\\\/x.com\\\/indiemabogados\",\"https:\\\/\\\/es.linkedin.com\\\/company\\\/in-diem-abogados\"]}]}<\/script>\n<!-- \/ Yoast SEO plugin. -->","yoast_head_json":{"title":"Family Lawyers | IN DIEM Lawyers","description":"Family Lawyer, specialists in divorces, custody, agreements, child support, and much more. Lawyers in Madrid, Seville, M\u00e1laga, Marbella\u2026 Present throughout Spain. 24 hours. Emergencies.","robots":{"index":"index","follow":"follow","max-snippet":"max-snippet:-1","max-image-preview":"max-image-preview:large","max-video-preview":"max-video-preview:-1"},"canonical":"https:\/\/www.in-diem.com\/en\/family-lawyers","og_locale":"en_US","og_type":"article","og_title":"Family Lawyers | IN DIEM Lawyers","og_description":"Family Lawyer, specialists in divorces, custody, agreements, child support, and much more. Lawyers in Madrid, Seville, M\u00e1laga, Marbella\u2026 Present throughout Spain. 24 hours. Emergencies.","og_url":"https:\/\/www.in-diem.com\/en\/family-lawyers","og_site_name":"In-Diem Abogados","article_publisher":"https:\/\/es-es.facebook.com\/indiemabogados\/","og_image":[{"width":1920,"height":1280,"url":"https:\/\/www.in-diem.com\/wp-content\/uploads\/2017\/07\/family-557100_1280-1024x614.jpg","type":"image\/jpeg"}],"twitter_card":"summary_large_image","twitter_site":"@indiemabogados","schema":{"@context":"https:\/\/schema.org","@graph":[{"@type":"WebPage","@id":"https:\/\/www.in-diem.com\/en\/family-lawyers","url":"https:\/\/www.in-diem.com\/en\/family-lawyers","name":"Family Lawyers | IN DIEM Lawyers","isPartOf":{"@id":"https:\/\/www.in-diem.com\/en#website"},"primaryImageOfPage":{"@id":"https:\/\/www.in-diem.com\/en\/family-lawyers#primaryimage"},"image":{"@id":"https:\/\/www.in-diem.com\/en\/family-lawyers#primaryimage"},"thumbnailUrl":"https:\/\/www.in-diem.com\/wp-content\/uploads\/2017\/07\/family-557100_1280-1024x614.jpg","datePublished":"2017-07-26T22:48:10+00:00","description":"Family Lawyer, specialists in divorces, custody, agreements, child support, and much more. Lawyers in Madrid, Seville, M\u00e1laga, Marbella\u2026 Present throughout Spain. 24 hours. Emergencies.","breadcrumb":{"@id":"https:\/\/www.in-diem.com\/en\/family-lawyers#breadcrumb"},"inLanguage":"en-US","potentialAction":[{"@type":"ReadAction","target":["https:\/\/www.in-diem.com\/en\/family-lawyers"]}]},{"@type":"ImageObject","inLanguage":"en-US","@id":"https:\/\/www.in-diem.com\/en\/family-lawyers#primaryimage","url":"https:\/\/www.in-diem.com\/wp-content\/uploads\/2017\/07\/family-557100_1280-1024x614.jpg","contentUrl":"https:\/\/www.in-diem.com\/wp-content\/uploads\/2017\/07\/family-557100_1280-1024x614.jpg","width":1920,"height":1280,"caption":"In Diem Family Lawyers. Modification of Child Support. Divorce. Custody. Child Support Claim. Non-Payment of Pensions. Lawyers specializing in Family and Civil Law. IN DIEM. Seville, M\u00e1laga, Madrid, Las Palmas de Gran Canaria, Almer\u00eda, Huelva, Tomares, Estepona, Mairena del Aljarafe, Mairena del Alcor, Dos Hermanas, Coria del R\u00edo. Marbella. Phone."},{"@type":"BreadcrumbList","@id":"https:\/\/www.in-diem.com\/en\/family-lawyers#breadcrumb","itemListElement":[{"@type":"ListItem","position":1,"name":"Portada","item":"https:\/\/www.in-diem.com\/en"},{"@type":"ListItem","position":2,"name":"Family Lawyers"}]},{"@type":"WebSite","@id":"https:\/\/www.in-diem.com\/en#website","url":"https:\/\/www.in-diem.com\/en","name":"In-Diem Abogados","description":"Experiencia +","publisher":{"@id":"https:\/\/www.in-diem.com\/en#organization"},"potentialAction":[{"@type":"SearchAction","target":{"@type":"EntryPoint","urlTemplate":"https:\/\/www.in-diem.com\/en?s={search_term_string}"},"query-input":{"@type":"PropertyValueSpecification","valueRequired":true,"valueName":"search_term_string"}}],"inLanguage":"en-US"},{"@type":"Organization","@id":"https:\/\/www.in-diem.com\/en#organization","name":"In Diem Abogados","url":"https:\/\/www.in-diem.com\/en","logo":{"@type":"ImageObject","inLanguage":"en-US","@id":"https:\/\/www.in-diem.com\/en#\/schema\/logo\/image\/","url":"https:\/\/www.in-diem.com\/wp-content\/uploads\/2014\/03\/copy-logo-in-diem-header.jpg","contentUrl":"https:\/\/www.in-diem.com\/wp-content\/uploads\/2014\/03\/copy-logo-in-diem-header.jpg","width":154,"height":50,"caption":"In Diem Abogados"},"image":{"@id":"https:\/\/www.in-diem.com\/en#\/schema\/logo\/image\/"},"sameAs":["https:\/\/es-es.facebook.com\/indiemabogados\/","https:\/\/x.com\/indiemabogados","https:\/\/es.linkedin.com\/company\/in-diem-abogados"]}]}},"_links":{"self":[{"href":"https:\/\/www.in-diem.com\/en\/wp-json\/wp\/v2\/pages\/11339","targetHints":{"allow":["GET"]}}],"collection":[{"href":"https:\/\/www.in-diem.com\/en\/wp-json\/wp\/v2\/pages"}],"about":[{"href":"https:\/\/www.in-diem.com\/en\/wp-json\/wp\/v2\/types\/page"}],"author":[{"embeddable":true,"href":"https:\/\/www.in-diem.com\/en\/wp-json\/wp\/v2\/users\/3"}],"replies":[{"embeddable":true,"href":"https:\/\/www.in-diem.com\/en\/wp-json\/wp\/v2\/comments?post=11339"}],"version-history":[{"count":0,"href":"https:\/\/www.in-diem.com\/en\/wp-json\/wp\/v2\/pages\/11339\/revisions"}],"wp:featuredmedia":[{"embeddable":true,"href":"https:\/\/www.in-diem.com\/en\/wp-json\/wp\/v2\/media\/11340"}],"wp:attachment":[{"href":"https:\/\/www.in-diem.com\/en\/wp-json\/wp\/v2\/media?parent=11339"}],"curies":[{"name":"wp","href":"https:\/\/api.w.org\/{rel}","templated":true}]}}